{"id":28,"date":"2025-10-01T18:45:21","date_gmt":"2025-10-01T16:45:21","guid":{"rendered":"https:\/\/aldabra.plasticodyssey.org\/?page_id=28"},"modified":"2025-10-07T09:13:46","modified_gmt":"2025-10-07T07:13:46","slug":"plan-du-site","status":"publish","type":"page","link":"https:\/\/aldabra.plasticodyssey.org\/fr\/plan-du-site\/","title":{"rendered":"Plan du site"},"content":{"rendered":"<div class=\"wpb-content-wrapper\"><p>[vc_row css_animation=\u00a0\u00bb\u00a0\u00bb row_type=\u00a0\u00bbrow\u00a0\u00bb use_row_as_full_screen_section=\u00a0\u00bbno\u00a0\u00bb type=\u00a0\u00bbgrid\u00a0\u00bb angled_section=\u00a0\u00bbno\u00a0\u00bb text_align=\u00a0\u00bbleft\u00a0\u00bb background_image_as_pattern=\u00a0\u00bbwithout_pattern\u00a0\u00bb el_class=\u00a0\u00bbpt22 pb8 sk_overlay\u00a0\u00bb z_index=\u00a0\u00bb\u00a0\u00bb background_image=\u00a0\u00bb130&Prime;][vc_column width=\u00a0\u00bb2\/3&Prime; el_class=\u00a0\u00bbwhite\u00a0\u00bb][vc_column_text css=\u00a0\u00bb\u00a0\u00bb]<\/p>\n<h1>Plan du site<\/h1>\n<p>Vous trouverez ici toutes les pages du site web de l\u2019Exp\u00e9dition 2025 sur l\u2019atoll d\u2019Aldabra.[\/vc_column_text][\/vc_column][\/vc_row][vc_row css_animation=\u00a0\u00bb\u00a0\u00bb row_type=\u00a0\u00bbrow\u00a0\u00bb use_row_as_full_screen_section=\u00a0\u00bbno\u00a0\u00bb type=\u00a0\u00bbgrid\u00a0\u00bb angled_section=\u00a0\u00bbno\u00a0\u00bb text_align=\u00a0\u00bbleft\u00a0\u00bb background_image_as_pattern=\u00a0\u00bbwithout_pattern\u00a0\u00bb el_class=\u00a0\u00bbpt10 pb10 sk_triangle_top_left\u00a0\u00bb z_index=\u00a0\u00bb\u00a0\u00bb][vc_column width=\u00a0\u00bb1\/2&Prime;][vc_column_text]<div class=\"wsp-container\"><h2 class=\"wsp-pages-title\">Pages<\/h2>\n<ul class=\"wsp-pages-list\">\n<li class=\"page_item page-item-15\"><a href=\"https:\/\/aldabra.plasticodyssey.org\/fr\/\">Accueil<\/a><\/li>\n<li class=\"page_item page-item-19\"><a href=\"https:\/\/aldabra.plasticodyssey.org\/fr\/journal-de-bord\/\">Journal de bord<\/a><\/li>\n<li class=\"page_item page-item-17\"><a href=\"https:\/\/aldabra.plasticodyssey.org\/fr\/a-propos\/\">\u00c0 propos d\u2019Aldabra<\/a><\/li>\n<li class=\"page_item page-item-21\"><a href=\"https:\/\/aldabra.plasticodyssey.org\/fr\/contact\/\">Contact<\/a><\/li>\n<li class=\"page_item page-item-26\"><a href=\"https:\/\/aldabra.plasticodyssey.org\/fr\/mentions-legales\/\">Mentions l\u00e9gales<\/a><\/li>\n<li class=\"page_item page-item-28\"><a href=\"https:\/\/aldabra.plasticodyssey.org\/fr\/plan-du-site\/\">Plan du site<\/a><\/li>\n<\/ul>\n<\/div>[\/vc_column_text][\/vc_column][vc_column width=\u00a0\u00bb1\/2&Prime;][vc_column_text]<div class=\"wsp-container\"><h2 class=\"wsp-posts-title\">Articles par cat\u00e9gorie<\/h2>\n<ul class=\"wsp-posts-list\">\n\t<li><strong class=\"wsp-category-title\">Cat\u00e9gorie\u00a0: <a href=\"https:\/\/aldabra.plasticodyssey.org\/fr\/category\/expedition-aldabra\/\">Exp\u00e9dition Aldabra<\/a><\/strong>\n<ul class=\"wsp-posts-list\">\t\t<li class=\"wsp-post\"><a href=\"https:\/\/aldabra.plasticodyssey.org\/fr\/jour-10-aldabra-mission-accomplie-pour-plastic-odyssey\/\">Jour 10 : Sur Aldabra, mission accomplie pour le Plastic Odyssey<\/a><\/li>\n\t\t<li class=\"wsp-post\"><a href=\"https:\/\/aldabra.plasticodyssey.org\/fr\/jour-9-aldabra-vie-contact-tortues-geantes\/\">Jour 9 : \u00c0 Aldabra, la vie au contact des tortues g\u00e9antes<\/a><\/li>\n\t\t<li class=\"wsp-post\"><a href=\"https:\/\/aldabra.plasticodyssey.org\/fr\/jour-8-aldabra-demande-a-etre-protege\/\">Jour 8 : Aldabra demande \u00e0 \u00eatre prot\u00e9g\u00e9<\/a><\/li>\n\t\t<li class=\"wsp-post\"><a href=\"https:\/\/aldabra.plasticodyssey.org\/fr\/jour-7-aldabra-ne-soffre-pas-elle-se-merite\/\">Jour 7 : Aldabra ne s\u2019offre pas, elle se m\u00e9rite<\/a><\/li>\n\t\t<li class=\"wsp-post\"><a href=\"https:\/\/aldabra.plasticodyssey.org\/fr\/jour-6-a-lest-daldabra-un-decor-lunaire-balaye-par-les-alizes\/\">Jour 6 : \u00c0 l\u2019est d\u2019Aldabra, un d\u00e9cor lunaire balay\u00e9 par les aliz\u00e9s<\/a><\/li>\n\t\t<li class=\"wsp-post\"><a href=\"https:\/\/aldabra.plasticodyssey.org\/fr\/jour-5-atoll-aldabra-defi-eau\/\">Jour 5 : Sur l\u2019atoll d\u2019Aldabra, le d\u00e9fi de l\u2019eau<\/a><\/li>\n\t\t<li class=\"wsp-post\"><a href=\"https:\/\/aldabra.plasticodyssey.org\/fr\/jour-4-aldabra-vu-du-ciel\/\">Jour 4 : Aldabra, vu du ciel<\/a><\/li>\n\t\t<li class=\"wsp-post\"><a href=\"https:\/\/aldabra.plasticodyssey.org\/fr\/jour-3-derniers-preparatifs-avant-de-debarquer-sur-aldabra\/\">Jour 3 : Derniers pr\u00e9paratifs avant de d\u00e9barquer sur Aldabra<\/a><\/li>\n\t\t<li class=\"wsp-post\"><a href=\"https:\/\/aldabra.plasticodyssey.org\/fr\/jour-2-aldabra-paradis-contre-linvasion-des-hommes\/\">Jour 2 : \u00ab\u00a0Aldabra est un paradis qui se h\u00e9risse contre l\u2019invasion des hommes\u00a0\u00bb<\/a><\/li>\n\t\t<li class=\"wsp-post\"><a href=\"https:\/\/aldabra.plasticodyssey.org\/fr\/jour-1-aldabra-cest-parti\/\">Jour 1 : \u00ab\u00a0Aldabra, c&rsquo;est parti !\u00a0\u00bb<\/a><\/li>\n<\/ul><\/li>\n<\/ul>\n<\/div>[\/vc_column_text][\/vc_column][\/vc_row]<\/p>\n<\/div>","protected":false},"excerpt":{"rendered":"<p>[vc_row css_animation=\u00a0\u00bb\u00a0\u00bb row_type=\u00a0\u00bbrow\u00a0\u00bb use_row_as_full_screen_section=\u00a0\u00bbno\u00a0\u00bb type=\u00a0\u00bbgrid\u00a0\u00bb angled_section=\u00a0\u00bbno\u00a0\u00bb text_align=\u00a0\u00bbleft\u00a0\u00bb background_image_as_pattern=\u00a0\u00bbwithout_pattern\u00a0\u00bb el_class=\u00a0\u00bbpt22 pb8 sk_overlay\u00a0\u00bb z_index=\u00a0\u00bb\u00a0\u00bb background_image=\u00a0\u00bb130&Prime;][vc_column width=\u00a0\u00bb2\/3&Prime; el_class=\u00a0\u00bbwhite\u00a0\u00bb][vc_column_text css=\u00a0\u00bb\u00a0\u00bb] Plan du site Vous trouverez ici toutes les pages du site web de l\u2019Exp\u00e9dition 2025 sur l\u2019atoll d\u2019Aldabra.[\/vc_column_text][\/vc_column][\/vc_row][vc_row css_animation=\u00a0\u00bb\u00a0\u00bb row_type=\u00a0\u00bbrow\u00a0\u00bb use_row_as_full_screen_section=\u00a0\u00bbno\u00a0\u00bb type=\u00a0\u00bbgrid\u00a0\u00bb angled_section=\u00a0\u00bbno\u00a0\u00bb text_align=\u00a0\u00bbleft\u00a0\u00bb background_image_as_pattern=\u00a0\u00bbwithout_pattern\u00a0\u00bb el_class=\u00a0\u00bbpt10 pb10 sk_triangle_top_left\u00a0\u00bb z_index=\u00a0\u00bb\u00a0\u00bb][vc_column&#8230;<\/p>\n","protected":false},"author":2,"featured_media":130,"parent":0,"menu_order":98,"comment_status":"closed","ping_status":"closed","template":"full_width.php","meta":{"footnotes":""},"class_list":["post-28","page","type-page","status-publish","has-post-thumbnail","hentry"],"yoast_head":"<!-- This site is optimized with the Yoast SEO plugin v25.5 - https:\/\/yoast.com\/wordpress\/plugins\/seo\/ -->\n<title>Plan du site | Exp\u00e9dition 2025 Aldabra Atoll<\/title>\n<meta name=\"robots\" content=\"index, follow, max-snippet:-1, max-image-preview:large, max-video-preview:-1\" \/>\n<link rel=\"canonical\" href=\"https:\/\/aldabra.plasticodyssey.org\/fr\/plan-du-site\/\" \/>\n<meta property=\"og:locale\" content=\"fr_FR\" \/>\n<meta property=\"og:type\" content=\"article\" \/>\n<meta property=\"og:title\" content=\"Plan du site | Exp\u00e9dition 2025 Aldabra Atoll\" \/>\n<meta property=\"og:description\" content=\"[vc_row css_animation=\u00a0\u00bb\u00a0\u00bb row_type=\u00a0\u00bbrow\u00a0\u00bb use_row_as_full_screen_section=\u00a0\u00bbno\u00a0\u00bb type=\u00a0\u00bbgrid\u00a0\u00bb angled_section=\u00a0\u00bbno\u00a0\u00bb text_align=\u00a0\u00bbleft\u00a0\u00bb background_image_as_pattern=\u00a0\u00bbwithout_pattern\u00a0\u00bb el_class=\u00a0\u00bbpt22 pb8 sk_overlay\u00a0\u00bb z_index=\u00a0\u00bb\u00a0\u00bb background_image=\u00a0\u00bb130&Prime;][vc_column width=\u00a0\u00bb2\/3&Prime; el_class=\u00a0\u00bbwhite\u00a0\u00bb][vc_column_text css=\u00a0\u00bb\u00a0\u00bb] Plan du site Vous trouverez ici toutes les pages du site web de l\u2019Exp\u00e9dition 2025 sur l\u2019atoll d\u2019Aldabra.[\/vc_column_text][\/vc_column][\/vc_row][vc_row css_animation=\u00a0\u00bb\u00a0\u00bb row_type=\u00a0\u00bbrow\u00a0\u00bb use_row_as_full_screen_section=\u00a0\u00bbno\u00a0\u00bb type=\u00a0\u00bbgrid\u00a0\u00bb angled_section=\u00a0\u00bbno\u00a0\u00bb text_align=\u00a0\u00bbleft\u00a0\u00bb background_image_as_pattern=\u00a0\u00bbwithout_pattern\u00a0\u00bb el_class=\u00a0\u00bbpt10 pb10 sk_triangle_top_left\u00a0\u00bb z_index=\u00a0\u00bb\u00a0\u00bb][vc_column...\" \/>\n<meta property=\"og:url\" content=\"https:\/\/aldabra.plasticodyssey.org\/fr\/plan-du-site\/\" \/>\n<meta property=\"og:site_name\" content=\"Exp\u00e9dition 2025 Aldabra Atoll\" \/>\n<meta property=\"article:publisher\" content=\"https:\/\/www.facebook.com\/plasticodyssey\/\" \/>\n<meta property=\"article:modified_time\" content=\"2025-10-07T07:13:46+00:00\" \/>\n<meta property=\"og:image\" content=\"https:\/\/aldabra.plasticodyssey.org\/wp-content\/uploads\/sites\/9\/2025\/10\/recif-corallien-aldabra.jpg\" \/>\n\t<meta property=\"og:image:width\" content=\"1920\" \/>\n\t<meta property=\"og:image:height\" content=\"1080\" \/>\n\t<meta property=\"og:image:type\" content=\"image\/jpeg\" \/>\n<meta name=\"twitter:card\" content=\"summary_large_image\" \/>\n<meta name=\"twitter:site\" content=\"@plasticodyssey\" \/>\n<meta name=\"twitter:label1\" content=\"Dur\u00e9e de lecture estim\u00e9e\" \/>\n\t<meta name=\"twitter:data1\" content=\"1 minute\" \/>\n<script type=\"application\/ld+json\" class=\"yoast-schema-graph\">{\"@context\":\"https:\/\/schema.org\",\"@graph\":[{\"@type\":\"WebPage\",\"@id\":\"https:\/\/aldabra.plasticodyssey.org\/fr\/plan-du-site\/\",\"url\":\"https:\/\/aldabra.plasticodyssey.org\/fr\/plan-du-site\/\",\"name\":\"Plan du site | Exp\u00e9dition 2025 Aldabra Atoll\",\"isPartOf\":{\"@id\":\"https:\/\/aldabra.plasticodyssey.org\/#website\"},\"primaryImageOfPage\":{\"@id\":\"https:\/\/aldabra.plasticodyssey.org\/fr\/plan-du-site\/#primaryimage\"},\"image\":{\"@id\":\"https:\/\/aldabra.plasticodyssey.org\/fr\/plan-du-site\/#primaryimage\"},\"thumbnailUrl\":\"https:\/\/aldabra.plasticodyssey.org\/wp-content\/uploads\/sites\/9\/2025\/10\/recif-corallien-aldabra.jpg\",\"datePublished\":\"2025-10-01T16:45:21+00:00\",\"dateModified\":\"2025-10-07T07:13:46+00:00\",\"breadcrumb\":{\"@id\":\"https:\/\/aldabra.plasticodyssey.org\/fr\/plan-du-site\/#breadcrumb\"},\"inLanguage\":\"fr-FR\",\"potentialAction\":[{\"@type\":\"ReadAction\",\"target\":[\"https:\/\/aldabra.plasticodyssey.org\/fr\/plan-du-site\/\"]}]},{\"@type\":\"ImageObject\",\"inLanguage\":\"fr-FR\",\"@id\":\"https:\/\/aldabra.plasticodyssey.org\/fr\/plan-du-site\/#primaryimage\",\"url\":\"https:\/\/aldabra.plasticodyssey.org\/wp-content\/uploads\/sites\/9\/2025\/10\/recif-corallien-aldabra.jpg\",\"contentUrl\":\"https:\/\/aldabra.plasticodyssey.org\/wp-content\/uploads\/sites\/9\/2025\/10\/recif-corallien-aldabra.jpg\",\"width\":1920,\"height\":1080},{\"@type\":\"BreadcrumbList\",\"@id\":\"https:\/\/aldabra.plasticodyssey.org\/fr\/plan-du-site\/#breadcrumb\",\"itemListElement\":[{\"@type\":\"ListItem\",\"position\":1,\"name\":\"Accueil\",\"item\":\"https:\/\/aldabra.plasticodyssey.org\/fr\/accueil\/\"},{\"@type\":\"ListItem\",\"position\":2,\"name\":\"Plan du site\"}]},{\"@type\":\"WebSite\",\"@id\":\"https:\/\/aldabra.plasticodyssey.org\/#website\",\"url\":\"https:\/\/aldabra.plasticodyssey.org\/\",\"name\":\"Exp\u00e9dition 2025 Aldabra Atoll\",\"description\":\"\",\"publisher\":{\"@id\":\"https:\/\/aldabra.plasticodyssey.org\/#organization\"},\"potentialAction\":[{\"@type\":\"SearchAction\",\"target\":{\"@type\":\"EntryPoint\",\"urlTemplate\":\"https:\/\/aldabra.plasticodyssey.org\/?s={search_term_string}\"},\"query-input\":{\"@type\":\"PropertyValueSpecification\",\"valueRequired\":true,\"valueName\":\"search_term_string\"}}],\"inLanguage\":\"fr-FR\"},{\"@type\":\"Organization\",\"@id\":\"https:\/\/aldabra.plasticodyssey.org\/#organization\",\"name\":\"Plastic Odyssey\",\"url\":\"https:\/\/aldabra.plasticodyssey.org\/\",\"logo\":{\"@type\":\"ImageObject\",\"inLanguage\":\"fr-FR\",\"@id\":\"https:\/\/aldabra.plasticodyssey.org\/#\/schema\/logo\/image\/\",\"url\":\"https:\/\/aldabra.plasticodyssey.org\/wp-content\/uploads\/sites\/9\/2025\/10\/favicon-aldabra.png\",\"contentUrl\":\"https:\/\/aldabra.plasticodyssey.org\/wp-content\/uploads\/sites\/9\/2025\/10\/favicon-aldabra.png\",\"width\":512,\"height\":512,\"caption\":\"Plastic Odyssey\"},\"image\":{\"@id\":\"https:\/\/aldabra.plasticodyssey.org\/#\/schema\/logo\/image\/\"},\"sameAs\":[\"https:\/\/www.facebook.com\/plasticodyssey\/\",\"https:\/\/x.com\/plasticodyssey\",\"https:\/\/www.instagram.com\/plasticodyssey\/\",\"https:\/\/www.linkedin.com\/company\/plastic-odyssey\/\",\"https:\/\/www.youtube.com\/channel\/UC4UNxaIW9ODIuLGJaTrhnow\"]}]}<\/script>\n<!-- \/ Yoast SEO plugin. -->","yoast_head_json":{"title":"Plan du site | Exp\u00e9dition 2025 Aldabra Atoll","robots":{"index":"index","follow":"follow","max-snippet":"max-snippet:-1","max-image-preview":"max-image-preview:large","max-video-preview":"max-video-preview:-1"},"canonical":"https:\/\/aldabra.plasticodyssey.org\/fr\/plan-du-site\/","og_locale":"fr_FR","og_type":"article","og_title":"Plan du site | Exp\u00e9dition 2025 Aldabra Atoll","og_description":"[vc_row css_animation=\u00a0\u00bb\u00a0\u00bb row_type=\u00a0\u00bbrow\u00a0\u00bb use_row_as_full_screen_section=\u00a0\u00bbno\u00a0\u00bb type=\u00a0\u00bbgrid\u00a0\u00bb angled_section=\u00a0\u00bbno\u00a0\u00bb text_align=\u00a0\u00bbleft\u00a0\u00bb background_image_as_pattern=\u00a0\u00bbwithout_pattern\u00a0\u00bb el_class=\u00a0\u00bbpt22 pb8 sk_overlay\u00a0\u00bb z_index=\u00a0\u00bb\u00a0\u00bb background_image=\u00a0\u00bb130&Prime;][vc_column width=\u00a0\u00bb2\/3&Prime; el_class=\u00a0\u00bbwhite\u00a0\u00bb][vc_column_text css=\u00a0\u00bb\u00a0\u00bb] Plan du site Vous trouverez ici toutes les pages du site web de l\u2019Exp\u00e9dition 2025 sur l\u2019atoll d\u2019Aldabra.[\/vc_column_text][\/vc_column][\/vc_row][vc_row css_animation=\u00a0\u00bb\u00a0\u00bb row_type=\u00a0\u00bbrow\u00a0\u00bb use_row_as_full_screen_section=\u00a0\u00bbno\u00a0\u00bb type=\u00a0\u00bbgrid\u00a0\u00bb angled_section=\u00a0\u00bbno\u00a0\u00bb text_align=\u00a0\u00bbleft\u00a0\u00bb background_image_as_pattern=\u00a0\u00bbwithout_pattern\u00a0\u00bb el_class=\u00a0\u00bbpt10 pb10 sk_triangle_top_left\u00a0\u00bb z_index=\u00a0\u00bb\u00a0\u00bb][vc_column...","og_url":"https:\/\/aldabra.plasticodyssey.org\/fr\/plan-du-site\/","og_site_name":"Exp\u00e9dition 2025 Aldabra Atoll","article_publisher":"https:\/\/www.facebook.com\/plasticodyssey\/","article_modified_time":"2025-10-07T07:13:46+00:00","og_image":[{"width":1920,"height":1080,"url":"https:\/\/aldabra.plasticodyssey.org\/wp-content\/uploads\/sites\/9\/2025\/10\/recif-corallien-aldabra.jpg","type":"image\/jpeg"}],"twitter_card":"summary_large_image","twitter_site":"@plasticodyssey","twitter_misc":{"Dur\u00e9e de lecture estim\u00e9e":"1 minute"},"schema":{"@context":"https:\/\/schema.org","@graph":[{"@type":"WebPage","@id":"https:\/\/aldabra.plasticodyssey.org\/fr\/plan-du-site\/","url":"https:\/\/aldabra.plasticodyssey.org\/fr\/plan-du-site\/","name":"Plan du site | Exp\u00e9dition 2025 Aldabra Atoll","isPartOf":{"@id":"https:\/\/aldabra.plasticodyssey.org\/#website"},"primaryImageOfPage":{"@id":"https:\/\/aldabra.plasticodyssey.org\/fr\/plan-du-site\/#primaryimage"},"image":{"@id":"https:\/\/aldabra.plasticodyssey.org\/fr\/plan-du-site\/#primaryimage"},"thumbnailUrl":"https:\/\/aldabra.plasticodyssey.org\/wp-content\/uploads\/sites\/9\/2025\/10\/recif-corallien-aldabra.jpg","datePublished":"2025-10-01T16:45:21+00:00","dateModified":"2025-10-07T07:13:46+00:00","breadcrumb":{"@id":"https:\/\/aldabra.plasticodyssey.org\/fr\/plan-du-site\/#breadcrumb"},"inLanguage":"fr-FR","potentialAction":[{"@type":"ReadAction","target":["https:\/\/aldabra.plasticodyssey.org\/fr\/plan-du-site\/"]}]},{"@type":"ImageObject","inLanguage":"fr-FR","@id":"https:\/\/aldabra.plasticodyssey.org\/fr\/plan-du-site\/#primaryimage","url":"https:\/\/aldabra.plasticodyssey.org\/wp-content\/uploads\/sites\/9\/2025\/10\/recif-corallien-aldabra.jpg","contentUrl":"https:\/\/aldabra.plasticodyssey.org\/wp-content\/uploads\/sites\/9\/2025\/10\/recif-corallien-aldabra.jpg","width":1920,"height":1080},{"@type":"BreadcrumbList","@id":"https:\/\/aldabra.plasticodyssey.org\/fr\/plan-du-site\/#breadcrumb","itemListElement":[{"@type":"ListItem","position":1,"name":"Accueil","item":"https:\/\/aldabra.plasticodyssey.org\/fr\/accueil\/"},{"@type":"ListItem","position":2,"name":"Plan du site"}]},{"@type":"WebSite","@id":"https:\/\/aldabra.plasticodyssey.org\/#website","url":"https:\/\/aldabra.plasticodyssey.org\/","name":"Exp\u00e9dition 2025 Aldabra Atoll","description":"","publisher":{"@id":"https:\/\/aldabra.plasticodyssey.org\/#organization"},"potentialAction":[{"@type":"SearchAction","target":{"@type":"EntryPoint","urlTemplate":"https:\/\/aldabra.plasticodyssey.org\/?s={search_term_string}"},"query-input":{"@type":"PropertyValueSpecification","valueRequired":true,"valueName":"search_term_string"}}],"inLanguage":"fr-FR"},{"@type":"Organization","@id":"https:\/\/aldabra.plasticodyssey.org\/#organization","name":"Plastic Odyssey","url":"https:\/\/aldabra.plasticodyssey.org\/","logo":{"@type":"ImageObject","inLanguage":"fr-FR","@id":"https:\/\/aldabra.plasticodyssey.org\/#\/schema\/logo\/image\/","url":"https:\/\/aldabra.plasticodyssey.org\/wp-content\/uploads\/sites\/9\/2025\/10\/favicon-aldabra.png","contentUrl":"https:\/\/aldabra.plasticodyssey.org\/wp-content\/uploads\/sites\/9\/2025\/10\/favicon-aldabra.png","width":512,"height":512,"caption":"Plastic Odyssey"},"image":{"@id":"https:\/\/aldabra.plasticodyssey.org\/#\/schema\/logo\/image\/"},"sameAs":["https:\/\/www.facebook.com\/plasticodyssey\/","https:\/\/x.com\/plasticodyssey","https:\/\/www.instagram.com\/plasticodyssey\/","https:\/\/www.linkedin.com\/company\/plastic-odyssey\/","https:\/\/www.youtube.com\/channel\/UC4UNxaIW9ODIuLGJaTrhnow"]}]}},"_links":{"self":[{"href":"https:\/\/aldabra.plasticodyssey.org\/fr\/wp-json\/wp\/v2\/pages\/28","targetHints":{"allow":["GET"]}}],"collection":[{"href":"https:\/\/aldabra.plasticodyssey.org\/fr\/wp-json\/wp\/v2\/pages"}],"about":[{"href":"https:\/\/aldabra.plasticodyssey.org\/fr\/wp-json\/wp\/v2\/types\/page"}],"author":[{"embeddable":true,"href":"https:\/\/aldabra.plasticodyssey.org\/fr\/wp-json\/wp\/v2\/users\/2"}],"replies":[{"embeddable":true,"href":"https:\/\/aldabra.plasticodyssey.org\/fr\/wp-json\/wp\/v2\/comments?post=28"}],"version-history":[{"count":7,"href":"https:\/\/aldabra.plasticodyssey.org\/fr\/wp-json\/wp\/v2\/pages\/28\/revisions"}],"predecessor-version":[{"id":394,"href":"https:\/\/aldabra.plasticodyssey.org\/fr\/wp-json\/wp\/v2\/pages\/28\/revisions\/394"}],"wp:featuredmedia":[{"embeddable":true,"href":"https:\/\/aldabra.plasticodyssey.org\/fr\/wp-json\/wp\/v2\/media\/130"}],"wp:attachment":[{"href":"https:\/\/aldabra.plasticodyssey.org\/fr\/wp-json\/wp\/v2\/media?parent=28"}],"curies":[{"name":"wp","href":"https:\/\/api.w.org\/{rel}","templated":true}]}}